{"id":32,"date":"2015-01-30T18:34:46","date_gmt":"2015-01-30T17:34:46","guid":{"rendered":"http:\/\/www.naturheilpraxis-gremme.de\/?page_id=32"},"modified":"2018-01-22T07:56:00","modified_gmt":"2018-01-22T06:56:00","slug":"diagnose","status":"publish","type":"page","link":"http:\/\/www.naturheilpraxis-gremme.de\/?page_id=32","title":{"rendered":"Diagnose"},"content":{"rendered":"<p><strong>Folgende Diagnoseverfahren wende ich in meiner Praxis an:<\/strong><\/p>\n<ul>\n<li>Dunkelfeldmikroskopie nach Prof. Enderlein (Blutuntersuchung) <strong>und<\/strong> klinischen Bewertungskriterien.<\/li>\n<li>Optischer Erythrozyten-Test nach Wollmann\/Linke (OET)<\/li>\n<li>Konstitutionsdiagnose aus dem Auge (Irisdiagnose)<\/li>\n<li>VEGA-Test<\/li>\n<li>VEGA-Meridiandiagnostik (Grundlage f\u00fcr Akupunkturbehandlungen)<\/li>\n<li>VEGA-Energiescreening<\/li>\n<li>Mundstrom-Messungen (bei unterschiedlichen Metallen im Mund)<\/li>\n<li>TRD: Thermoregulationsdiagnostik nach Prof. Dr. Arno Rost<\/li>\n<li>Labordiagnostik (Urin, Stuhl, Blut, Speichel)<\/li>\n<li>Klassische Urinfunktionsdiagnostik<\/li>\n<li>Schwermetalltests f\u00fcr Urin und Trinkwasser<\/li>\n<\/ul>\n<p>Wenn Sie Fragen zu den Diagnoseverfahren haben, k\u00f6nnen Sie mich gern anrufen.<\/p>\n<p>Hier zus\u00e4tzliche Erl\u00e4uterungen zu einigen Diagnoseverfahren:<\/p>\n<p><strong>VEGA-Test-Verfahren:<\/strong><\/p>\n<p>Die VEGATEST-Methode ist eine hochmoderne Weiterentwicklung der EAV (Elektroakupunktur nach Voll) und der BFD (Bioenergetische Funktionsdiagnose). <strong>Es handelt sich nicht um ein Bioresonanzverfahren!<\/strong> Nach neuesten technischen und wissenschaftlichen Erkenntnissen wird an Akupunkturpunkten des Patienten der Widerstand gemessen und der entsprechende Wert vom Ger\u00e4t angezeigt. Der Therapeut kann dementsprechend Aussagen \u00fcber Organbelastungen, belastende Einfl\u00fcsse aus dem Umfeld des Patienten und Vertr\u00e4glichkeit bzw. Unvertr\u00e4glichkeit bestimmter Stoffe f\u00fcr den Patienten machen. Durch die VEGATEST-Messung ist es m\u00f6glich, tieferliegende Ursachen einer Erkrankung herauszufinden, um dann anschlie\u00dfend sowohl Ursachen als auch Symptome zu behandeln.<\/p>\n<p>Durch das gezielte Einbringen eines Medikamentes in den Messkreislauf k\u00f6nnen negative Messwerte ausgeglichen und so passende Medikamente herausgefiltert werden. Diese Medikamente k\u00f6nnen dem Patienten direkt verabreicht werden.<\/p>\n<p>Durch die VEGATESTung ist der Therapeut dar\u00fcber hinaus in der Lage, alle effektiven Behandlungsmethoden f\u00fcr seinen Patienten zu ermitteln, wie z. B. Akupunktur oder Hom\u00f6opathie.\u00a0 Zus\u00e4tzlich besteht die M\u00f6glichkeit der Erstellung eines Energiescreenings. Dieses erm\u00f6glicht dem Therapeuten eine rasche diagnostische \u00dcbersicht \u00fcber die Reaktionsf\u00e4higkeit und die Energielage des Patienten.<\/p>\n<p>&nbsp;<\/p>\n<p>&nbsp;<\/p>\n","protected":false},"excerpt":{"rendered":"<p>Folgende Diagnoseverfahren wende ich in meiner Praxis an: Dunkelfeldmikroskopie nach Prof. Enderlein (Blutuntersuchung) und klinischen Bewertungskriterien. Optischer Erythrozyten-Test nach Wollmann\/Linke (OET) Konstitutionsdiagnose aus dem Auge (Irisdiagnose) VEGA-Test VEGA-Meridiandiagnostik (Grundlage f\u00fcr Akupunkturbehandlungen) VEGA-Energiescreening Mundstrom-Messungen (bei unterschiedlichen Metallen im Mund) TRD: Thermoregulationsdiagnostik nach Prof. Dr. Arno Rost Labordiagnostik (Urin, Stuhl, Blut, Speichel) Klassische Urinfunktionsdiagnostik Schwermetalltests f\u00fcr Urin&#8230;<\/p>\n","protected":false},"author":1,"featured_media":0,"parent":0,"menu_order":0,"comment_status":"closed","ping_status":"closed","template":"","meta":{"footnotes":""},"class_list":["post-32","page","type-page","status-publish","hentry"],"_links":{"self":[{"href":"http:\/\/www.naturheilpraxis-gremme.de\/index.php?rest_route=\/wp\/v2\/pages\/32","targetHints":{"allow":["GET"]}}],"collection":[{"href":"http:\/\/www.naturheilpraxis-gremme.de\/index.php?rest_route=\/wp\/v2\/pages"}],"about":[{"href":"http:\/\/www.naturheilpraxis-gremme.de\/index.php?rest_route=\/wp\/v2\/types\/page"}],"author":[{"embeddable":true,"href":"http:\/\/www.naturheilpraxis-gremme.de\/index.php?rest_route=\/wp\/v2\/users\/1"}],"replies":[{"embeddable":true,"href":"http:\/\/www.naturheilpraxis-gremme.de\/index.php?rest_route=%2Fwp%2Fv2%2Fcomments&post=32"}],"version-history":[{"count":15,"href":"http:\/\/www.naturheilpraxis-gremme.de\/index.php?rest_route=\/wp\/v2\/pages\/32\/revisions"}],"predecessor-version":[{"id":147,"href":"http:\/\/www.naturheilpraxis-gremme.de\/index.php?rest_route=\/wp\/v2\/pages\/32\/revisions\/147"}],"wp:attachment":[{"href":"http:\/\/www.naturheilpraxis-gremme.de\/index.php?rest_route=%2Fwp%2Fv2%2Fmedia&parent=32"}],"curies":[{"name":"wp","href":"https:\/\/api.w.org\/{rel}","templated":true}]}}