{"id":34,"date":"2015-01-30T18:35:21","date_gmt":"2015-01-30T17:35:21","guid":{"rendered":"http:\/\/www.naturheilpraxis-gremme.de\/?page_id=34"},"modified":"2018-01-22T08:04:57","modified_gmt":"2018-01-22T07:04:57","slug":"therapien","status":"publish","type":"page","link":"http:\/\/www.naturheilpraxis-gremme.de\/?page_id=34","title":{"rendered":"Therapien"},"content":{"rendered":"<p><strong>Folgende Therapieverfahren kommen in meiner Praxis zur Anwendung:<\/strong><\/p>\n<ul>\n<li>Immuntherapien (Mistel- und SANUM-Therapie)<\/li>\n<li>Therapie von Nebennierenersch\u00f6pfung aufgrund von Stressbelastungen<\/li>\n<li>Klassische Hom\u00f6opathie<\/li>\n<li>Biochemie nach Dr. Sch\u00fc\u00dfler<\/li>\n<li>Akupunktur (TCM)<\/li>\n<li>TDP-Therapie (chinesische Licht\/W\u00e4rme-Therapie mit der China-Lampe)<\/li>\n<li>Laserakupunktur und Narbenentst\u00f6rung<\/li>\n<li>Injektoakupunktur (Hom\u00f6osiniatrie)<\/li>\n<li>Neuraltherapie nach Huneke<\/li>\n<li>Ausleit- und Entgiftungsverfahren<\/li>\n<li>Darmsanierung<\/li>\n<li>Ents\u00e4uerungstherapien (S\u00e4ure-Basen-Bilanz)<\/li>\n<li>Fu\u00dfreflexzonenmassage<\/li>\n<li>Klassische Massage<\/li>\n<li>Therapie mit Auto-Nosoden (Herstellung durch Firma Mentop Pharma)<\/li>\n<li>Hot Stone Auflagebehandlung<\/li>\n<li>Hot Stone Massagen<\/li>\n<li>Aromatherapie (Massagen mit indikationsbezogenen naturreinen \u00e4therischen \u00d6len)<\/li>\n<li>Verordnung individueller Rezepturen aus der Aromatherapie<\/li>\n<li>Verordnung individueller Rezepturen aus der Spagyrik nach vorheriger Austestung<\/li>\n<li>Anti-Aging-Behandlungen (Ultraschall mit Hyaluron und Therapie mit Kollagen, Mikron\u00e4hrstoffen und Antioxidanzien)<\/li>\n<\/ul>\n<p>Wenn Sie Fragen zu den Therapieverfahren haben, k\u00f6nnen Sie mich gern anrufen &#8211; ich erteile kostenlos Auskunft.<\/p>\n","protected":false},"excerpt":{"rendered":"<p>Folgende Therapieverfahren kommen in meiner Praxis zur Anwendung: Immuntherapien (Mistel- und SANUM-Therapie) Therapie von Nebennierenersch\u00f6pfung aufgrund von Stressbelastungen Klassische Hom\u00f6opathie Biochemie nach Dr. Sch\u00fc\u00dfler Akupunktur (TCM) TDP-Therapie (chinesische Licht\/W\u00e4rme-Therapie mit der China-Lampe) Laserakupunktur und Narbenentst\u00f6rung Injektoakupunktur (Hom\u00f6osiniatrie) Neuraltherapie nach Huneke Ausleit- und Entgiftungsverfahren Darmsanierung Ents\u00e4uerungstherapien (S\u00e4ure-Basen-Bilanz) Fu\u00dfreflexzonenmassage Klassische Massage Therapie mit Auto-Nosoden (Herstellung durch Firma&#8230;<\/p>\n","protected":false},"author":1,"featured_media":0,"parent":0,"menu_order":0,"comment_status":"closed","ping_status":"closed","template":"","meta":{"footnotes":""},"class_list":["post-34","page","type-page","status-publish","hentry"],"_links":{"self":[{"href":"http:\/\/www.naturheilpraxis-gremme.de\/index.php?rest_route=\/wp\/v2\/pages\/34","targetHints":{"allow":["GET"]}}],"collection":[{"href":"http:\/\/www.naturheilpraxis-gremme.de\/index.php?rest_route=\/wp\/v2\/pages"}],"about":[{"href":"http:\/\/www.naturheilpraxis-gremme.de\/index.php?rest_route=\/wp\/v2\/types\/page"}],"author":[{"embeddable":true,"href":"http:\/\/www.naturheilpraxis-gremme.de\/index.php?rest_route=\/wp\/v2\/users\/1"}],"replies":[{"embeddable":true,"href":"http:\/\/www.naturheilpraxis-gremme.de\/index.php?rest_route=%2Fwp%2Fv2%2Fcomments&post=34"}],"version-history":[{"count":19,"href":"http:\/\/www.naturheilpraxis-gremme.de\/index.php?rest_route=\/wp\/v2\/pages\/34\/revisions"}],"predecessor-version":[{"id":148,"href":"http:\/\/www.naturheilpraxis-gremme.de\/index.php?rest_route=\/wp\/v2\/pages\/34\/revisions\/148"}],"wp:attachment":[{"href":"http:\/\/www.naturheilpraxis-gremme.de\/index.php?rest_route=%2Fwp%2Fv2%2Fmedia&parent=34"}],"curies":[{"name":"wp","href":"https:\/\/api.w.org\/{rel}","templated":true}]}}