{"id":36,"date":"2015-01-30T18:36:16","date_gmt":"2015-01-30T17:36:16","guid":{"rendered":"http:\/\/www.naturheilpraxis-gremme.de\/?page_id=36"},"modified":"2017-03-15T10:52:38","modified_gmt":"2017-03-15T09:52:38","slug":"anfahrt","status":"publish","type":"page","link":"http:\/\/www.naturheilpraxis-gremme.de\/?page_id=36","title":{"rendered":"Anfahrt"},"content":{"rendered":"<p>Die Praxis befindet sich direkt am Ortseingang von Olfen.<\/p>\n<p>Wenn Sie<\/p>\n<ul>\n<li>auf der B 235 von Datteln kommen, nehmen Sie im 1. Kreisverkehr die 2. Ausfahrt<\/li>\n<li>auf der B 235 von L\u00fcdinghausen kommen, nehmen Sie im 3. Kreisverkehr die erste Ausfahrt.<\/li>\n<\/ul>\n<p>Sie sind dann auf der Dattelner Stra\u00dfe. Die 2. Stra\u00dfe rechts ist bereits der Haydnweg. Die Hausnummer 11 befindet ganz hinten im Wendehammer. Stellpl\u00e4tze sind vorhanden.<\/p>\n<p><strong>Wenn Sie eine weitere Anfahrt haben &#8211; hier eine kurze Beschreibung:<\/strong><br \/>\n<strong>Von der A2<\/strong> nehmen Sie die Ausfahrt Waltrop. Dort Richtung Waltrop. Durch Waltrop Richtung Datteln. In Datteln rechts Richtung Olfen.<br \/>\n<strong>Von der A1<\/strong> nehmen Sie die Ausfahrt Ascheberg Richtung L\u00fcdinghausen. In L\u00fcdinghausen links nach Olfen.<br \/>\n<strong>Auch mit dem Bus<\/strong> erreichen Sie die Praxis gut. Die Bushaltestelle liegt an der Dattelner Stra\u00dfe und hei\u00dft &#8222;Caritas Wohnheim&#8220;.<br \/>\n<strong>Mit der Bahn<\/strong> fahren Sie bis Selm Bahnhof und von dort ca. 8 km mit dem Taxi.<\/p>\n<p>&nbsp;<\/p>\n","protected":false},"excerpt":{"rendered":"<p>Die Praxis befindet sich direkt am Ortseingang von Olfen. Wenn Sie auf der B 235 von Datteln kommen, nehmen Sie im 1. Kreisverkehr die 2. Ausfahrt auf der B 235 von L\u00fcdinghausen kommen, nehmen Sie im 3. Kreisverkehr die erste Ausfahrt. Sie sind dann auf der Dattelner Stra\u00dfe. Die 2. Stra\u00dfe rechts ist bereits der&#8230;<\/p>\n","protected":false},"author":1,"featured_media":0,"parent":0,"menu_order":0,"comment_status":"closed","ping_status":"closed","template":"","meta":{"footnotes":""},"class_list":["post-36","page","type-page","status-publish","hentry"],"_links":{"self":[{"href":"http:\/\/www.naturheilpraxis-gremme.de\/index.php?rest_route=\/wp\/v2\/pages\/36","targetHints":{"allow":["GET"]}}],"collection":[{"href":"http:\/\/www.naturheilpraxis-gremme.de\/index.php?rest_route=\/wp\/v2\/pages"}],"about":[{"href":"http:\/\/www.naturheilpraxis-gremme.de\/index.php?rest_route=\/wp\/v2\/types\/page"}],"author":[{"embeddable":true,"href":"http:\/\/www.naturheilpraxis-gremme.de\/index.php?rest_route=\/wp\/v2\/users\/1"}],"replies":[{"embeddable":true,"href":"http:\/\/www.naturheilpraxis-gremme.de\/index.php?rest_route=%2Fwp%2Fv2%2Fcomments&post=36"}],"version-history":[{"count":5,"href":"http:\/\/www.naturheilpraxis-gremme.de\/index.php?rest_route=\/wp\/v2\/pages\/36\/revisions"}],"predecessor-version":[{"id":134,"href":"http:\/\/www.naturheilpraxis-gremme.de\/index.php?rest_route=\/wp\/v2\/pages\/36\/revisions\/134"}],"wp:attachment":[{"href":"http:\/\/www.naturheilpraxis-gremme.de\/index.php?rest_route=%2Fwp%2Fv2%2Fmedia&parent=36"}],"curies":[{"name":"wp","href":"https:\/\/api.w.org\/{rel}","templated":true}]}}