{"id":54,"date":"2015-01-30T18:50:10","date_gmt":"2015-01-30T17:50:10","guid":{"rendered":"http:\/\/www.naturheilpraxis-gremme.de\/?page_id=54"},"modified":"2015-02-01T12:42:17","modified_gmt":"2015-02-01T11:42:17","slug":"ueber-mich","status":"publish","type":"page","link":"http:\/\/www.naturheilpraxis-gremme.de\/?page_id=54","title":{"rendered":"\u00dcber mich"},"content":{"rendered":"<p>Seit 1988 bin ich als Heilpraktiker in eigener Praxis t\u00e4tig und verf\u00fcge somit \u00fcber eine langj\u00e4hrige Erfahrung.<\/p>\n<p>Meine mehrj\u00e4hrige Zusatzausbildung in der Klassischen Hom\u00f6opathie absolvierte ich bei AUDE SAPERE in W\u00fcrzburg.<\/p>\n<p>Fundierte Kenntnisse in der Dunkelfelddiagnostik nach Prof. Enderlein und die damit verbundene SANUM-Therapie erwarb ich bereits 1988 bei einem der erfahrensten \u00c4rzte f\u00fcr Naturheilverfahren, Dr. med. Wolfgang Gr\u00fcger, in Holzwickede.<\/p>\n<p>Weiterhin habe ich verschiedene Zusatzausbildungen in der Traditionellen Chinesischen Medizin (TCM) absolviert. Spezialisiert habe ich mich dabei auf die chinesische Akupunktur, die ich seither nicht nur zur Schmerztherapie, sondern auch immer erfolgreicher bei Belastungsst\u00f6rungen wie Burn-Out-Syndrom, allgemeiner Ersch\u00f6pfung, vegetativen Dysregulationen und anderen psychosomatischen St\u00f6rungen anwende.<\/p>\n<p>Auch f\u00fcr die anderen aufgef\u00fchrten Diagnose- und Therapieverfahren habe ich fundierte Ausbildungen bei namhaften Therapeuten und Instituten durchlaufen und ich halte mich durch Fortbildungen immer auf einem aktuellen Wissensstand.<\/p>\n<p>Mein Beruf ist auch heute noch eine echte Berufung f\u00fcr mich und ich freue mich auf jeden neuen Tag in meiner Praxis.<\/p>\n<p>Wenn Sie zu meiner Person noch weitere Fragen haben, k\u00f6nnen Sie mich gerne anrufen.<\/p>\n","protected":false},"excerpt":{"rendered":"<p>Seit 1988 bin ich als Heilpraktiker in eigener Praxis t\u00e4tig und verf\u00fcge somit \u00fcber eine langj\u00e4hrige Erfahrung. Meine mehrj\u00e4hrige Zusatzausbildung in der Klassischen Hom\u00f6opathie absolvierte ich bei AUDE SAPERE in W\u00fcrzburg. Fundierte Kenntnisse in der Dunkelfelddiagnostik nach Prof. Enderlein und die damit verbundene SANUM-Therapie erwarb ich bereits 1988 bei einem der erfahrensten \u00c4rzte f\u00fcr Naturheilverfahren,&#8230;<\/p>\n","protected":false},"author":1,"featured_media":0,"parent":0,"menu_order":0,"comment_status":"closed","ping_status":"closed","template":"","meta":{"footnotes":""},"class_list":["post-54","page","type-page","status-publish","hentry"],"_links":{"self":[{"href":"http:\/\/www.naturheilpraxis-gremme.de\/index.php?rest_route=\/wp\/v2\/pages\/54","targetHints":{"allow":["GET"]}}],"collection":[{"href":"http:\/\/www.naturheilpraxis-gremme.de\/index.php?rest_route=\/wp\/v2\/pages"}],"about":[{"href":"http:\/\/www.naturheilpraxis-gremme.de\/index.php?rest_route=\/wp\/v2\/types\/page"}],"author":[{"embeddable":true,"href":"http:\/\/www.naturheilpraxis-gremme.de\/index.php?rest_route=\/wp\/v2\/users\/1"}],"replies":[{"embeddable":true,"href":"http:\/\/www.naturheilpraxis-gremme.de\/index.php?rest_route=%2Fwp%2Fv2%2Fcomments&post=54"}],"version-history":[{"count":6,"href":"http:\/\/www.naturheilpraxis-gremme.de\/index.php?rest_route=\/wp\/v2\/pages\/54\/revisions"}],"predecessor-version":[{"id":96,"href":"http:\/\/www.naturheilpraxis-gremme.de\/index.php?rest_route=\/wp\/v2\/pages\/54\/revisions\/96"}],"wp:attachment":[{"href":"http:\/\/www.naturheilpraxis-gremme.de\/index.php?rest_route=%2Fwp%2Fv2%2Fmedia&parent=54"}],"curies":[{"name":"wp","href":"https:\/\/api.w.org\/{rel}","templated":true}]}}